{"id":187276,"date":"2023-10-28T08:02:49","date_gmt":"2023-10-28T08:02:49","guid":{"rendered":"https:\/\/www.tornadobrass.com.tr\/?page_id=187276"},"modified":"2023-11-20T05:49:33","modified_gmt":"2023-11-20T05:49:33","slug":"diger-urunler","status":"publish","type":"page","link":"https:\/\/www.tornadobrass.com.tr\/tr\/urunler\/diger-urunler\/","title":{"rendered":"Di\u011fer \u00fcr\u00fcnler"},"content":{"rendered":"","protected":false},"excerpt":{"rendered":"","protected":false},"author":4,"featured_media":0,"parent":186097,"menu_order":0,"comment_status":"closed","ping_status":"closed","template":"","meta":{"inline_featured_image":false,"footnotes":""},"class_list":["post-187276","page","type-page","status-publish","hentry"],"_links":{"self":[{"href":"https:\/\/www.tornadobrass.com.tr\/tr\/wp-json\/wp\/v2\/pages\/187276","targetHints":{"allow":["GET"]}}],"collection":[{"href":"https:\/\/www.tornadobrass.com.tr\/tr\/wp-json\/wp\/v2\/pages"}],"about":[{"href":"https:\/\/www.tornadobrass.com.tr\/tr\/wp-json\/wp\/v2\/types\/page"}],"author":[{"embeddable":true,"href":"https:\/\/www.tornadobrass.com.tr\/tr\/wp-json\/wp\/v2\/users\/4"}],"replies":[{"embeddable":true,"href":"https:\/\/www.tornadobrass.com.tr\/tr\/wp-json\/wp\/v2\/comments?post=187276"}],"version-history":[{"count":0,"href":"https:\/\/www.tornadobrass.com.tr\/tr\/wp-json\/wp\/v2\/pages\/187276\/revisions"}],"up":[{"embeddable":true,"href":"https:\/\/www.tornadobrass.com.tr\/tr\/wp-json\/wp\/v2\/pages\/186097"}],"wp:attachment":[{"href":"https:\/\/www.tornadobrass.com.tr\/tr\/wp-json\/wp\/v2\/media?parent=187276"}],"curies":[{"name":"wp","href":"https:\/\/api.w.org\/{rel}","templated":true}]}}