{"id":186599,"date":"2019-10-04T07:50:03","date_gmt":"2019-10-04T07:50:03","guid":{"rendered":"https:\/\/www.tornadobrass.com.tr\/?page_id=186599"},"modified":"2023-11-20T06:23:41","modified_gmt":"2023-11-20T06:23:41","slug":"avizeler","status":"publish","type":"page","link":"https:\/\/www.tornadobrass.com.tr\/tr\/urunler\/oryantal\/avizeler\/","title":{"rendered":"Avizeler"},"content":{"rendered":"<p>Suriye, Fas ve T\u00fcrk tarz\u0131nda<\/p>\n<h2>En g\u00fczel Oryantal ve \u0130slami tasar\u0131mlar<\/h2>\n","protected":false},"excerpt":{"rendered":"<p>Suriye, Fas ve T\u00fcrk tarz\u0131nda En g\u00fczel Oryantal ve \u0130slami tasar\u0131mlar<\/p>\n","protected":false},"author":4,"featured_media":0,"parent":186495,"menu_order":0,"comment_status":"closed","ping_status":"closed","template":"","meta":{"inline_featured_image":false,"footnotes":""},"class_list":["post-186599","page","type-page","status-publish","hentry"],"_links":{"self":[{"href":"https:\/\/www.tornadobrass.com.tr\/tr\/wp-json\/wp\/v2\/pages\/186599","targetHints":{"allow":["GET"]}}],"collection":[{"href":"https:\/\/www.tornadobrass.com.tr\/tr\/wp-json\/wp\/v2\/pages"}],"about":[{"href":"https:\/\/www.tornadobrass.com.tr\/tr\/wp-json\/wp\/v2\/types\/page"}],"author":[{"embeddable":true,"href":"https:\/\/www.tornadobrass.com.tr\/tr\/wp-json\/wp\/v2\/users\/4"}],"replies":[{"embeddable":true,"href":"https:\/\/www.tornadobrass.com.tr\/tr\/wp-json\/wp\/v2\/comments?post=186599"}],"version-history":[{"count":0,"href":"https:\/\/www.tornadobrass.com.tr\/tr\/wp-json\/wp\/v2\/pages\/186599\/revisions"}],"up":[{"embeddable":true,"href":"https:\/\/www.tornadobrass.com.tr\/tr\/wp-json\/wp\/v2\/pages\/186495"}],"wp:attachment":[{"href":"https:\/\/www.tornadobrass.com.tr\/tr\/wp-json\/wp\/v2\/media?parent=186599"}],"curies":[{"name":"wp","href":"https:\/\/api.w.org\/{rel}","templated":true}]}}