{"id":186559,"date":"2023-10-16T17:02:51","date_gmt":"2023-10-16T17:02:51","guid":{"rendered":"https:\/\/www.tornadobrass.com.tr\/?page_id=186559"},"modified":"2023-11-20T06:18:52","modified_gmt":"2023-11-20T06:18:52","slug":"avizeler","status":"publish","type":"page","link":"https:\/\/www.tornadobrass.com.tr\/tr\/urunler\/modern\/avizeler\/","title":{"rendered":"Avizeler"},"content":{"rendered":"<p>Suriye, Fas ve T\u00fcrk tarz\u0131nda<\/p>\n<h2>En g\u00fczel Modern tasar\u0131mlar<\/h2>\n","protected":false},"excerpt":{"rendered":"<p>Suriye, Fas ve T\u00fcrk tarz\u0131nda En g\u00fczel Modern tasar\u0131mlar<\/p>\n","protected":false},"author":4,"featured_media":0,"parent":186482,"menu_order":0,"comment_status":"closed","ping_status":"closed","template":"","meta":{"inline_featured_image":false,"footnotes":""},"class_list":["post-186559","page","type-page","status-publish","hentry"],"_links":{"self":[{"href":"https:\/\/www.tornadobrass.com.tr\/tr\/wp-json\/wp\/v2\/pages\/186559","targetHints":{"allow":["GET"]}}],"collection":[{"href":"https:\/\/www.tornadobrass.com.tr\/tr\/wp-json\/wp\/v2\/pages"}],"about":[{"href":"https:\/\/www.tornadobrass.com.tr\/tr\/wp-json\/wp\/v2\/types\/page"}],"author":[{"embeddable":true,"href":"https:\/\/www.tornadobrass.com.tr\/tr\/wp-json\/wp\/v2\/users\/4"}],"replies":[{"embeddable":true,"href":"https:\/\/www.tornadobrass.com.tr\/tr\/wp-json\/wp\/v2\/comments?post=186559"}],"version-history":[{"count":0,"href":"https:\/\/www.tornadobrass.com.tr\/tr\/wp-json\/wp\/v2\/pages\/186559\/revisions"}],"up":[{"embeddable":true,"href":"https:\/\/www.tornadobrass.com.tr\/tr\/wp-json\/wp\/v2\/pages\/186482"}],"wp:attachment":[{"href":"https:\/\/www.tornadobrass.com.tr\/tr\/wp-json\/wp\/v2\/media?parent=186559"}],"curies":[{"name":"wp","href":"https:\/\/api.w.org\/{rel}","templated":true}]}}