{"id":186482,"date":"2023-10-27T16:48:41","date_gmt":"2023-10-27T16:48:41","guid":{"rendered":"https:\/\/www.tornadobrass.com.tr\/?page_id=186482"},"modified":"2023-11-20T06:21:53","modified_gmt":"2023-11-20T06:21:53","slug":"modern","status":"publish","type":"page","link":"https:\/\/www.tornadobrass.com.tr\/tr\/urunler\/modern\/","title":{"rendered":"Modern"},"content":{"rendered":"<p><a href=\"https:\/\/www.tornadobrass.com.tr\/tr\/urunler\/modern\/masa-lambasi\/\"><br \/>\n\t\t\t\t\t\t\t<img decoding=\"async\" width=\"1241\" height=\"1754\" src=\"https:\/\/www.tornadobrass.com.tr\/wp-content\/uploads\/2023\/10\/TORNADO-BRASS-2-315.jpg\" alt=\"\" loading=\"lazy\" srcset=\"https:\/\/i0.wp.com\/www.tornadobrass.com.tr\/wp-content\/uploads\/2023\/10\/TORNADO-BRASS-2-315.jpg?w=1241&amp;ssl=1 1241w, https:\/\/i0.wp.com\/www.tornadobrass.com.tr\/wp-content\/uploads\/2023\/10\/TORNADO-BRASS-2-315.jpg?resize=212%2C300&amp;ssl=1 212w, https:\/\/i0.wp.com\/www.tornadobrass.com.tr\/wp-content\/uploads\/2023\/10\/TORNADO-BRASS-2-315.jpg?resize=725%2C1024&amp;ssl=1 725w, https:\/\/i0.wp.com\/www.tornadobrass.com.tr\/wp-content\/uploads\/2023\/10\/TORNADO-BRASS-2-315.jpg?resize=768%2C1085&amp;ssl=1 768w, https:\/\/i0.wp.com\/www.tornadobrass.com.tr\/wp-content\/uploads\/2023\/10\/TORNADO-BRASS-2-315.jpg?resize=1087%2C1536&amp;ssl=1 1087w, https:\/\/i0.wp.com\/www.tornadobrass.com.tr\/wp-content\/uploads\/2023\/10\/TORNADO-BRASS-2-315.jpg?resize=700%2C989&amp;ssl=1 700w, https:\/\/i0.wp.com\/www.tornadobrass.com.tr\/wp-content\/uploads\/2023\/10\/TORNADO-BRASS-2-315.jpg?resize=600%2C848&amp;ssl=1 600w\" sizes=\"auto, (max-width: 1241px) 100vw, 1241px\" \/>\t\t\t\t\t\t\t\t<\/a><\/p>\n<h4><a href=\"https:\/\/www.tornadobrass.com.tr\/tr\/urunler\/modern\/duvar-lambalari\/\">Masa lambas\u0131<\/a><\/h4>\n<p>\t\t\t\t\t\t\t\t\t\t\t\t\t\t\t\t<a href=\"https:\/\/www.tornadobrass.com.tr\/tr\/urunler\/modern\/avizeler\/\"><br \/>\n\t\t\t\t\t\t\t<img decoding=\"async\" width=\"1241\" height=\"1754\" src=\"https:\/\/www.tornadobrass.com.tr\/wp-content\/uploads\/2023\/10\/TORNADO-BRASS-1-40.jpg\" alt=\"\" loading=\"lazy\" srcset=\"https:\/\/i0.wp.com\/www.tornadobrass.com.tr\/wp-content\/uploads\/2023\/10\/TORNADO-BRASS-1-40.jpg?w=1241&amp;ssl=1 1241w, https:\/\/i0.wp.com\/www.tornadobrass.com.tr\/wp-content\/uploads\/2023\/10\/TORNADO-BRASS-1-40.jpg?resize=212%2C300&amp;ssl=1 212w, https:\/\/i0.wp.com\/www.tornadobrass.com.tr\/wp-content\/uploads\/2023\/10\/TORNADO-BRASS-1-40.jpg?resize=725%2C1024&amp;ssl=1 725w, https:\/\/i0.wp.com\/www.tornadobrass.com.tr\/wp-content\/uploads\/2023\/10\/TORNADO-BRASS-1-40.jpg?resize=768%2C1085&amp;ssl=1 768w, https:\/\/i0.wp.com\/www.tornadobrass.com.tr\/wp-content\/uploads\/2023\/10\/TORNADO-BRASS-1-40.jpg?resize=1087%2C1536&amp;ssl=1 1087w, https:\/\/i0.wp.com\/www.tornadobrass.com.tr\/wp-content\/uploads\/2023\/10\/TORNADO-BRASS-1-40.jpg?resize=700%2C989&amp;ssl=1 700w, https:\/\/i0.wp.com\/www.tornadobrass.com.tr\/wp-content\/uploads\/2023\/10\/TORNADO-BRASS-1-40.jpg?resize=600%2C848&amp;ssl=1 600w\" sizes=\"auto, (max-width: 1241px) 100vw, 1241px\" \/>\t\t\t\t\t\t\t\t<\/a><\/p>\n<h4><a href=\"https:\/\/www.tornadobrass.com.tr\/tr\/urunler\/modern\/avizeler\/\">Avizeler <\/a><\/h4>\n<p>\t\t\t\t\t\t\t\t\t\t\t\t\t\t\t\t<a href=\"https:\/\/www.tornadobrass.com.tr\/tr\/urunler\/modern\/fenerler\/\"><br \/>\n\t\t\t\t\t\t\t<img decoding=\"async\" width=\"1241\" height=\"1754\" src=\"https:\/\/www.tornadobrass.com.tr\/wp-content\/uploads\/2023\/10\/TORNADO-BRASS-1-263.jpg\" alt=\"\" loading=\"lazy\" srcset=\"https:\/\/i0.wp.com\/www.tornadobrass.com.tr\/wp-content\/uploads\/2023\/10\/TORNADO-BRASS-1-263.jpg?w=1241&amp;ssl=1 1241w, https:\/\/i0.wp.com\/www.tornadobrass.com.tr\/wp-content\/uploads\/2023\/10\/TORNADO-BRASS-1-263.jpg?resize=212%2C300&amp;ssl=1 212w, https:\/\/i0.wp.com\/www.tornadobrass.com.tr\/wp-content\/uploads\/2023\/10\/TORNADO-BRASS-1-263.jpg?resize=725%2C1024&amp;ssl=1 725w, https:\/\/i0.wp.com\/www.tornadobrass.com.tr\/wp-content\/uploads\/2023\/10\/TORNADO-BRASS-1-263.jpg?resize=768%2C1085&amp;ssl=1 768w, https:\/\/i0.wp.com\/www.tornadobrass.com.tr\/wp-content\/uploads\/2023\/10\/TORNADO-BRASS-1-263.jpg?resize=1087%2C1536&amp;ssl=1 1087w, https:\/\/i0.wp.com\/www.tornadobrass.com.tr\/wp-content\/uploads\/2023\/10\/TORNADO-BRASS-1-263.jpg?resize=700%2C989&amp;ssl=1 700w, https:\/\/i0.wp.com\/www.tornadobrass.com.tr\/wp-content\/uploads\/2023\/10\/TORNADO-BRASS-1-263.jpg?resize=600%2C848&amp;ssl=1 600w\" sizes=\"auto, (max-width: 1241px) 100vw, 1241px\" \/>\t\t\t\t\t\t\t\t<\/a><\/p>\n<h4><a href=\"https:\/\/www.tornadobrass.com.tr\/tr\/urunler\/modern\/fenerler\/\">Fenerler<\/a><\/h4>\n<p>\t\t\t\t\t\t\t\t\t\t\t\t\t\t\t\t<a href=\"https:\/\/www.tornadobrass.com.tr\/products\/modern\/wall-lamp\/\"><br \/>\n\t\t\t\t\t\t\t<img decoding=\"async\" width=\"1241\" height=\"1754\" src=\"https:\/\/www.tornadobrass.com.tr\/wp-content\/uploads\/2023\/10\/TORNADO-BRASS-2-16.jpg\" alt=\"\" loading=\"lazy\" srcset=\"https:\/\/i0.wp.com\/www.tornadobrass.com.tr\/wp-content\/uploads\/2023\/10\/TORNADO-BRASS-2-16.jpg?w=1241&amp;ssl=1 1241w, https:\/\/i0.wp.com\/www.tornadobrass.com.tr\/wp-content\/uploads\/2023\/10\/TORNADO-BRASS-2-16.jpg?resize=212%2C300&amp;ssl=1 212w, https:\/\/i0.wp.com\/www.tornadobrass.com.tr\/wp-content\/uploads\/2023\/10\/TORNADO-BRASS-2-16.jpg?resize=725%2C1024&amp;ssl=1 725w, https:\/\/i0.wp.com\/www.tornadobrass.com.tr\/wp-content\/uploads\/2023\/10\/TORNADO-BRASS-2-16.jpg?resize=768%2C1085&amp;ssl=1 768w, https:\/\/i0.wp.com\/www.tornadobrass.com.tr\/wp-content\/uploads\/2023\/10\/TORNADO-BRASS-2-16.jpg?resize=1087%2C1536&amp;ssl=1 1087w, https:\/\/i0.wp.com\/www.tornadobrass.com.tr\/wp-content\/uploads\/2023\/10\/TORNADO-BRASS-2-16.jpg?resize=700%2C989&amp;ssl=1 700w, https:\/\/i0.wp.com\/www.tornadobrass.com.tr\/wp-content\/uploads\/2023\/10\/TORNADO-BRASS-2-16.jpg?resize=600%2C848&amp;ssl=1 600w\" sizes=\"auto, (max-width: 1241px) 100vw, 1241px\" \/>\t\t\t\t\t\t\t\t<\/a><\/p>\n<h4><a href=\"https:\/\/www.tornadobrass.com.tr\/tr\/urunler\/modern\/duvar-lambalari\/\">Duvar Lambalar\u0131<br \/>\n<\/a><\/h4>\n<p>\t\t\t\t\t\t\t\t\t\t\t\t\t\t\t\t<a href=\"https:\/\/www.tornadobrass.com.tr\/tr\/urunler\/modern\/zemin-lambasi\/\"><br \/>\n\t\t\t\t\t\t\t<img decoding=\"async\" width=\"1241\" height=\"1754\" src=\"https:\/\/www.tornadobrass.com.tr\/wp-content\/uploads\/2023\/10\/TORNADO-BRASS-1-136.jpg\" alt=\"\" loading=\"lazy\" srcset=\"https:\/\/i0.wp.com\/www.tornadobrass.com.tr\/wp-content\/uploads\/2023\/10\/TORNADO-BRASS-1-136.jpg?w=1241&amp;ssl=1 1241w, https:\/\/i0.wp.com\/www.tornadobrass.com.tr\/wp-content\/uploads\/2023\/10\/TORNADO-BRASS-1-136.jpg?resize=212%2C300&amp;ssl=1 212w, https:\/\/i0.wp.com\/www.tornadobrass.com.tr\/wp-content\/uploads\/2023\/10\/TORNADO-BRASS-1-136.jpg?resize=725%2C1024&amp;ssl=1 725w, https:\/\/i0.wp.com\/www.tornadobrass.com.tr\/wp-content\/uploads\/2023\/10\/TORNADO-BRASS-1-136.jpg?resize=768%2C1085&amp;ssl=1 768w, https:\/\/i0.wp.com\/www.tornadobrass.com.tr\/wp-content\/uploads\/2023\/10\/TORNADO-BRASS-1-136.jpg?resize=1087%2C1536&amp;ssl=1 1087w, https:\/\/i0.wp.com\/www.tornadobrass.com.tr\/wp-content\/uploads\/2023\/10\/TORNADO-BRASS-1-136.jpg?resize=700%2C989&amp;ssl=1 700w, https:\/\/i0.wp.com\/www.tornadobrass.com.tr\/wp-content\/uploads\/2023\/10\/TORNADO-BRASS-1-136.jpg?resize=600%2C848&amp;ssl=1 600w\" sizes=\"auto, (max-width: 1241px) 100vw, 1241px\" \/>\t\t\t\t\t\t\t\t<\/a><\/p>\n<h4><a href=\"https:\/\/www.tornadobrass.com.tr\/tr\/urunler\/modern\/zemin-lambasi\/\">Zemin Lambalar\u0131<\/a><\/h4>\n","protected":false},"excerpt":{"rendered":"<p>Masa lambas\u0131 Avizeler Fenerler Duvar Lambalar\u0131 Zemin Lambalar\u0131<\/p>\n","protected":false},"author":4,"featured_media":0,"parent":186097,"menu_order":0,"comment_status":"closed","ping_status":"closed","template":"","meta":{"inline_featured_image":false,"footnotes":""},"class_list":["post-186482","page","type-page","status-publish","hentry"],"_links":{"self":[{"href":"https:\/\/www.tornadobrass.com.tr\/tr\/wp-json\/wp\/v2\/pages\/186482","targetHints":{"allow":["GET"]}}],"collection":[{"href":"https:\/\/www.tornadobrass.com.tr\/tr\/wp-json\/wp\/v2\/pages"}],"about":[{"href":"https:\/\/www.tornadobrass.com.tr\/tr\/wp-json\/wp\/v2\/types\/page"}],"author":[{"embeddable":true,"href":"https:\/\/www.tornadobrass.com.tr\/tr\/wp-json\/wp\/v2\/users\/4"}],"replies":[{"embeddable":true,"href":"https:\/\/www.tornadobrass.com.tr\/tr\/wp-json\/wp\/v2\/comments?post=186482"}],"version-history":[{"count":0,"href":"https:\/\/www.tornadobrass.com.tr\/tr\/wp-json\/wp\/v2\/pages\/186482\/revisions"}],"up":[{"embeddable":true,"href":"https:\/\/www.tornadobrass.com.tr\/tr\/wp-json\/wp\/v2\/pages\/186097"}],"wp:attachment":[{"href":"https:\/\/www.tornadobrass.com.tr\/tr\/wp-json\/wp\/v2\/media?parent=186482"}],"curies":[{"name":"wp","href":"https:\/\/api.w.org\/{rel}","templated":true}]}}