{"id":186097,"date":"2019-12-03T02:27:04","date_gmt":"2019-12-03T02:27:04","guid":{"rendered":"https:\/\/www.tornadobrass.com.tr\/?page_id=186097"},"modified":"2023-11-20T05:50:37","modified_gmt":"2023-11-20T05:50:37","slug":"urunler","status":"publish","type":"page","link":"https:\/\/www.tornadobrass.com.tr\/tr\/urunler\/","title":{"rendered":"\u00dcr\u00fcnler"},"content":{"rendered":"<p><a href=\"https:\/\/www.tornadobrass.com.tr\/tr\/urunler\/oryantal\/\"><\/p>\n<h2>\n\t\t\t\t\t\tOryantal\t\t\t\t\t<\/h2>\n<p>\t\t\t\t\t\t\u00d6zel Oryantal Tasar\u0131mlar<br \/>\n\t\t\t\t\t\t\u015eimdi g\u00f6r\u00fcnt\u00fcle<br \/>\n\t\t\t\t\t\t<\/a><br \/>\n\t\t\t\t\t<a href=\"https:\/\/www.tornadobrass.com.tr\/tr\/urunler\/modern\/\"><\/p>\n<h2>\n\t\t\t\t\t\tModern\t\t\t\t\t<\/h2>\n<p>\t\t\t\t\t\t\u00d6zel Modern Tasar\u0131mlar<br \/>\n\t\t\t\t\t\t\u015eimdi g\u00f6r\u00fcnt\u00fcle<br \/>\n\t\t\t\t\t\t<\/a><br \/>\n\t\t\t\t\t<a href=\"https:\/\/www.tornadobrass.com.tr\/tr\/urunler\/kristal\/\"><\/p>\n<h2>\n\t\t\t\t\t\tKristal\t\t\t\t\t<\/h2>\n<p>\t\t\t\t\t\t\u00d6zel Kristal Tasar\u0131mlar<br \/>\n\t\t\t\t\t\t\u015eimdi g\u00f6r\u00fcnt\u00fcle<br \/>\n\t\t\t\t\t\t<\/a><br \/>\n            <a href=\"https:\/\/www.tornadobrass.com.tr\/tr\/urunler\/diger-urunler\/\" role=\"button\"><br \/>\n\t\t\t\t\t\tDi\u011fer \u00fcr\u00fcnler<br \/>\n\t\t            <\/a><\/p>\n","protected":false},"excerpt":{"rendered":"<p>Oryantal \u00d6zel Oryantal Tasar\u0131mlar \u015eimdi g\u00f6r\u00fcnt\u00fcle Modern \u00d6zel Modern Tasar\u0131mlar \u015eimdi g\u00f6r\u00fcnt\u00fcle Kristal \u00d6zel Kristal Tasar\u0131mlar \u015eimdi g\u00f6r\u00fcnt\u00fcle Di\u011fer \u00fcr\u00fcnler<\/p>\n","protected":false},"author":4,"featured_media":0,"parent":0,"menu_order":0,"comment_status":"closed","ping_status":"closed","template":"","meta":{"inline_featured_image":false,"footnotes":""},"class_list":["post-186097","page","type-page","status-publish","hentry"],"_links":{"self":[{"href":"https:\/\/www.tornadobrass.com.tr\/tr\/wp-json\/wp\/v2\/pages\/186097","targetHints":{"allow":["GET"]}}],"collection":[{"href":"https:\/\/www.tornadobrass.com.tr\/tr\/wp-json\/wp\/v2\/pages"}],"about":[{"href":"https:\/\/www.tornadobrass.com.tr\/tr\/wp-json\/wp\/v2\/types\/page"}],"author":[{"embeddable":true,"href":"https:\/\/www.tornadobrass.com.tr\/tr\/wp-json\/wp\/v2\/users\/4"}],"replies":[{"embeddable":true,"href":"https:\/\/www.tornadobrass.com.tr\/tr\/wp-json\/wp\/v2\/comments?post=186097"}],"version-history":[{"count":0,"href":"https:\/\/www.tornadobrass.com.tr\/tr\/wp-json\/wp\/v2\/pages\/186097\/revisions"}],"wp:attachment":[{"href":"https:\/\/www.tornadobrass.com.tr\/tr\/wp-json\/wp\/v2\/media?parent=186097"}],"curies":[{"name":"wp","href":"https:\/\/api.w.org\/{rel}","templated":true}]}}